{"id":3,"date":"2023-02-08T12:09:20","date_gmt":"2023-02-08T11:09:20","guid":{"rendered":"http:\/\/ccovero.cluster028.hosting.ovh.net\/?page_id=3"},"modified":"2023-03-21T16:57:21","modified_gmt":"2023-03-21T15:57:21","slug":"politique-de-confidentialite","status":"publish","type":"page","link":"https:\/\/ccover.be\/index.php\/politique-de-confidentialite\/","title":{"rendered":"Politique de confidentialit\u00e9"},"content":{"rendered":"\n<h2 class=\"wp-block-heading\">Qui sommes-nous&nbsp;?<\/h2>\n\n\n\n<p>L\u2019adresse de notre site est\u00a0: http:\/\/ccover.be<\/p>\n\n\n\n<p><\/p>\n\n\n\n<p>Introduction<\/p>\n\n\n\n<p>Cette politique de confidentialit\u00e9 d\u00e9crit la mani\u00e8re dont les donn\u00e9es personnelles des visiteurs sont collect\u00e9es, utilis\u00e9es et prot\u00e9g\u00e9es par Ccover, propri\u00e9taire du site ccover.be. Veuillez lire attentivement cette politique de confidentialit\u00e9 avant d&rsquo;utiliser le site web ou de fournir des informations personnelles. En utilisant le site web, vous acceptez les pratiques d\u00e9crites dans cette politique de confidentialit\u00e9.<\/p>\n\n\n\n<p>Collecte de donn\u00e9es<\/p>\n\n\n\n<p>Nous collectons des informations personnelles telles que votre nom, votre adresse e-mail, votre adresse IP et d&rsquo;autres informations relatives \u00e0 votre visite sur notre site web. Nous pouvons \u00e9galement collecter des informations sur votre utilisation de notre site web, telles que le type de navigateur que vous utilisez, la dur\u00e9e de votre visite et les pages que vous avez consult\u00e9es.<\/p>\n\n\n\n<p>Utilisation des donn\u00e9es<\/p>\n\n\n\n<p>Nous utilisons les donn\u00e9es personnelles que nous collectons pour r\u00e9pondre \u00e0 vos demandes, pour am\u00e9liorer notre site web et pour fournir des services et des informations \u00e0 nos visiteurs. Nous pouvons \u00e9galement utiliser vos informations pour vous contacter \u00e0 des fins de marketing, sauf si vous nous indiquez que vous ne souhaitez pas recevoir de communications marketing de notre part.<\/p>\n\n\n\n<p>Protection des donn\u00e9es<\/p>\n\n\n\n<p>Nous prenons des mesures raisonnables pour prot\u00e9ger les donn\u00e9es personnelles que nous collectons contre toute perte, utilisation abusive, acc\u00e8s non autoris\u00e9, divulgation, alt\u00e9ration ou destruction. Nous ne partageons pas vos donn\u00e9es personnelles avec des tiers, sauf si la loi nous y oblige ou si cela est n\u00e9cessaire pour fournir des services que vous avez demand\u00e9s.<\/p>\n\n\n\n<p>Cookies<\/p>\n\n\n\n<p>Nous utilisons des cookies pour am\u00e9liorer votre exp\u00e9rience sur notre site web. Les cookies sont des fichiers texte plac\u00e9s sur votre ordinateur ou votre appareil mobile lorsque vous visitez notre site web. Nous utilisons des cookies pour collecter des informations sur votre utilisation de notre site web, pour vous reconna\u00eetre lorsque vous revenez sur notre site web et pour personnaliser votre exp\u00e9rience de navigation. Vous pouvez d\u00e9sactiver les cookies dans les param\u00e8tres de votre navigateur, mais cela peut affecter certaines fonctionnalit\u00e9s de notre site web.<\/p>\n\n\n\n<p>Modification de la politique de confidentialit\u00e9<\/p>\n\n\n\n<p>Nous nous r\u00e9servons le droit de modifier cette politique de confidentialit\u00e9 \u00e0 tout moment. Les modifications entreront en vigueur d\u00e8s leur publication sur notre site web. Nous vous encourageons \u00e0 consulter r\u00e9guli\u00e8rement cette politique de confidentialit\u00e9 pour prendre connaissance des \u00e9ventuelles modifications.<\/p>\n\n\n\n<p>Contact<\/p>\n\n\n\n<p>Si vous avez des questions ou des pr\u00e9occupations concernant cette politique de confidentialit\u00e9, veuillez nous contacter \u00e0 ccover@gmail.com<\/p>\n\n\n\n<p>Date d&rsquo;entr\u00e9e en vigueur: Mars 2023<\/p>\n","protected":false},"excerpt":{"rendered":"<p>Qui sommes-nous&nbsp;? L\u2019adresse de notre site est\u00a0: http:\/\/ccover.be Introduction Cette politique de confidentialit\u00e9 d\u00e9crit la mani\u00e8re dont les donn\u00e9es personnelles des visiteurs sont collect\u00e9es, utilis\u00e9es et prot\u00e9g\u00e9es par Ccover, propri\u00e9taire du site ccover.be. Veuillez lire attentivement cette politique de confidentialit\u00e9 avant d&rsquo;utiliser le site web ou de fournir des informations personnelles. En utilisant le site &hellip; <\/p>\n<p class=\"link-more\"><a href=\"https:\/\/ccover.be\/index.php\/politique-de-confidentialite\/\" class=\"more-link\">Lire la suite de<span class=\"screen-reader-text\">\u00ab\u00a0Politique de confidentialit\u00e9\u00a0\u00bb<\/span><\/a><\/p>\n","protected":false},"author":1,"featured_media":0,"parent":0,"menu_order":0,"comment_status":"closed","ping_status":"open","template":"","meta":{"inspiro_hide_title":false,"footnotes":""},"class_list":["post-3","page","type-page","status-publish","hentry"],"_links":{"self":[{"href":"https:\/\/ccover.be\/index.php\/wp-json\/wp\/v2\/pages\/3","targetHints":{"allow":["GET"]}}],"collection":[{"href":"https:\/\/ccover.be\/index.php\/wp-json\/wp\/v2\/pages"}],"about":[{"href":"https:\/\/ccover.be\/index.php\/wp-json\/wp\/v2\/types\/page"}],"author":[{"embeddable":true,"href":"https:\/\/ccover.be\/index.php\/wp-json\/wp\/v2\/users\/1"}],"replies":[{"embeddable":true,"href":"https:\/\/ccover.be\/index.php\/wp-json\/wp\/v2\/comments?post=3"}],"version-history":[{"count":2,"href":"https:\/\/ccover.be\/index.php\/wp-json\/wp\/v2\/pages\/3\/revisions"}],"predecessor-version":[{"id":201,"href":"https:\/\/ccover.be\/index.php\/wp-json\/wp\/v2\/pages\/3\/revisions\/201"}],"wp:attachment":[{"href":"https:\/\/ccover.be\/index.php\/wp-json\/wp\/v2\/media?parent=3"}],"curies":[{"name":"wp","href":"https:\/\/api.w.org\/{rel}","templated":true}]}}